{"id":1265,"date":"2021-02-18T09:57:16","date_gmt":"2021-02-18T08:57:16","guid":{"rendered":"https:\/\/assessoriaparlament.com\/equipo\/"},"modified":"2024-08-26T17:25:21","modified_gmt":"2024-08-26T15:25:21","slug":"equipo","status":"publish","type":"page","link":"https:\/\/assessoriaparlament.com\/es\/equipo\/","title":{"rendered":"Equipo"},"content":{"rendered":"\t\t<div data-elementor-type=\"wp-page\" data-elementor-id=\"1265\" class=\"elementor elementor-1265 elementor-451\" data-elementor-post-type=\"page\">\n\t\t\t\t\t\t<section class=\"elementor-section elementor-top-section elementor-element elementor-element-edb5b4d elementor-section-full_width elementor-section-height-default elementor-section-height-default parallax_section_no qode_elementor_container_no\" data-id=\"edb5b4d\" data-element_type=\"section\" data-e-type=\"section\" data-settings=\"{&quot;background_motion_fx_translateY_effect&quot;:&quot;yes&quot;,&quot;background_motion_fx_translateY_speed&quot;:{&quot;unit&quot;:&quot;px&quot;,&quot;size&quot;:4,&quot;sizes&quot;:[]},&quot;background_motion_fx_translateY_affectedRange&quot;:{&quot;unit&quot;:&quot;%&quot;,&quot;size&quot;:&quot;&quot;,&quot;sizes&quot;:{&quot;start&quot;:0,&quot;end&quot;:100}},&quot;background_motion_fx_devices&quot;:[&quot;desktop&quot;,&quot;tablet&quot;,&quot;mobile&quot;]}\">\n\t\t\t\t\t\t<div class=\"elementor-container elementor-column-gap-default\">\n\t\t\t\t\t<div class=\"elementor-column elementor-col-100 elementor-top-column elementor-element elementor-element-21b00a4\" data-id=\"21b00a4\" data-element_type=\"column\" data-e-type=\"column\">\n\t\t\t<div class=\"elementor-widget-wrap elementor-element-populated\">\n\t\t\t\t\t\t<section class=\"elementor-section elementor-inner-section elementor-element elementor-element-afecd54 elementor-section-full_width qode_elementor_container_inner elementor-section-height-default elementor-section-height-default parallax_section_no\" data-id=\"afecd54\" data-element_type=\"section\" data-e-type=\"section\">\n\t\t\t\t\t\t<div class=\"elementor-container elementor-column-gap-default\">\n\t\t\t\t\t<div class=\"elementor-column elementor-col-50 elementor-inner-column elementor-element elementor-element-3515b60\" data-id=\"3515b60\" data-element_type=\"column\" data-e-type=\"column\">\n\t\t\t<div class=\"elementor-widget-wrap elementor-element-populated\">\n\t\t\t\t\t\t<div class=\"elementor-element elementor-element-81d3f23 elementor-widget elementor-widget-heading\" data-id=\"81d3f23\" data-element_type=\"widget\" data-e-type=\"widget\" data-widget_type=\"heading.default\">\n\t\t\t\t<div class=\"elementor-widget-container\">\n\t\t\t\t\t<h6 class=\"elementor-heading-title elementor-size-default\">\u00bfQui\u00e9nes somos?<\/h6>\t\t\t\t<\/div>\n\t\t\t\t<\/div>\n\t\t\t\t<div class=\"elementor-element elementor-element-6b0183b elementor-widget elementor-widget-heading\" data-id=\"6b0183b\" data-element_type=\"widget\" data-e-type=\"widget\" data-widget_type=\"heading.default\">\n\t\t\t\t<div class=\"elementor-widget-container\">\n\t\t\t\t\t<h2 class=\"elementor-heading-title elementor-size-default\">Equipo Parlament.<\/h2>\t\t\t\t<\/div>\n\t\t\t\t<\/div>\n\t\t\t\t<div class=\"elementor-element elementor-element-0cf9cbc elementor-widget elementor-widget-spacer\" data-id=\"0cf9cbc\" data-element_type=\"widget\" data-e-type=\"widget\" data-widget_type=\"spacer.default\">\n\t\t\t\t<div class=\"elementor-widget-container\">\n\t\t\t\t\t\t\t<div class=\"elementor-spacer\">\n\t\t\t<div class=\"elementor-spacer-inner\"><\/div>\n\t\t<\/div>\n\t\t\t\t\t\t<\/div>\n\t\t\t\t<\/div>\n\t\t\t\t<div class=\"elementor-element elementor-element-faa8f33 elementor-widget elementor-widget-heading\" data-id=\"faa8f33\" data-element_type=\"widget\" data-e-type=\"widget\" data-widget_type=\"heading.default\">\n\t\t\t\t<div class=\"elementor-widget-container\">\n\t\t\t\t\t<h5 class=\"elementor-heading-title elementor-size-default\">M\u00e1s de 30 a\u00f1os prestando servicio a aut\u00f3nomos, peque\u00f1as empresas y particulares.<\/h5>\t\t\t\t<\/div>\n\t\t\t\t<\/div>\n\t\t\t\t<div class=\"elementor-element elementor-element-ea37223 elementor-widget elementor-widget-spacer\" data-id=\"ea37223\" data-element_type=\"widget\" data-e-type=\"widget\" data-widget_type=\"spacer.default\">\n\t\t\t\t<div class=\"elementor-widget-container\">\n\t\t\t\t\t\t\t<div class=\"elementor-spacer\">\n\t\t\t<div class=\"elementor-spacer-inner\"><\/div>\n\t\t<\/div>\n\t\t\t\t\t\t<\/div>\n\t\t\t\t<\/div>\n\t\t\t\t<div class=\"elementor-element elementor-element-de24899 elementor-widget elementor-widget-bridge_button\" data-id=\"de24899\" data-element_type=\"widget\" data-e-type=\"widget\" data-widget_type=\"bridge_button.default\">\n\t\t\t\t<div class=\"elementor-widget-container\">\n\t\t\t\t\t<a  itemprop=\"url\" href=\"tel:+34934416936\" target=\"_self\"  class=\"qbutton  default\" style=\"\">ll\u00e1manos<\/a>\t\t\t\t<\/div>\n\t\t\t\t<\/div>\n\t\t\t\t\t<\/div>\n\t\t<\/div>\n\t\t\t\t<div class=\"elementor-column elementor-col-50 elementor-inner-column elementor-element elementor-element-8465776\" data-id=\"8465776\" data-element_type=\"column\" data-e-type=\"column\">\n\t\t\t<div class=\"elementor-widget-wrap elementor-element-populated\">\n\t\t\t\t\t\t<div class=\"elementor-element elementor-element-7eb93ef elementor-widget-divider--view-line elementor-widget elementor-widget-divider\" data-id=\"7eb93ef\" data-element_type=\"widget\" data-e-type=\"widget\" data-widget_type=\"divider.default\">\n\t\t\t\t<div class=\"elementor-widget-container\">\n\t\t\t\t\t\t\t<div class=\"elementor-divider\">\n\t\t\t<span class=\"elementor-divider-separator\">\n\t\t\t\t\t\t<\/span>\n\t\t<\/div>\n\t\t\t\t\t\t<\/div>\n\t\t\t\t<\/div>\n\t\t\t\t\t<\/div>\n\t\t<\/div>\n\t\t\t\t\t<\/div>\n\t\t<\/section>\n\t\t\t\t\t<\/div>\n\t\t<\/div>\n\t\t\t\t\t<\/div>\n\t\t<\/section>\n\t\t\t\t<section class=\"elementor-section elementor-top-section elementor-element elementor-element-76a0b7e qode_elementor_container_inner elementor-section-boxed elementor-section-height-default elementor-section-height-default parallax_section_no\" data-id=\"76a0b7e\" data-element_type=\"section\" data-e-type=\"section\">\n\t\t\t\t\t\t<div class=\"elementor-container elementor-column-gap-default\">\n\t\t\t\t\t<div class=\"elementor-column elementor-col-25 elementor-top-column elementor-element elementor-element-a741bbd\" data-id=\"a741bbd\" data-element_type=\"column\" data-e-type=\"column\">\n\t\t\t<div class=\"elementor-widget-wrap elementor-element-populated\">\n\t\t\t\t\t\t<div class=\"elementor-element elementor-element-4944f93 elementor-widget elementor-widget-bridge_team\" data-id=\"4944f93\" data-element_type=\"widget\" data-e-type=\"widget\" data-widget_type=\"bridge_team.default\">\n\t\t\t\t<div class=\"elementor-widget-container\">\n\t\t\t\t\t<div class='q_team' style='background-color:#02010100;'><div class='q_team_inner'><div class='q_team_image'><img itemprop='image' src='https:\/\/assessoriaparlament.com\/wp-content\/uploads\/2023\/04\/equipo_0001_Capa-3.png' alt='equipo_0001_Capa-3' \/><\/div><div class='q_team_text' ><div class='q_team_text_inner'><div class='q_team_title_holder'><h5 class='q_team_name' style = ''>Francisca Yuste Gonz\u00e1lez<\/h5><span style = ''>Graduado Social API<\/span><\/div><\/div><div class='q_team_social_holder'><\/div><\/div><\/div><\/div>\t\t\t\t<\/div>\n\t\t\t\t<\/div>\n\t\t\t\t\t<\/div>\n\t\t<\/div>\n\t\t\t\t<div class=\"elementor-column elementor-col-25 elementor-top-column elementor-element elementor-element-af3bfba\" data-id=\"af3bfba\" data-element_type=\"column\" data-e-type=\"column\">\n\t\t\t<div class=\"elementor-widget-wrap elementor-element-populated\">\n\t\t\t\t\t\t<div class=\"elementor-element elementor-element-febc33e elementor-widget elementor-widget-bridge_team\" data-id=\"febc33e\" data-element_type=\"widget\" data-e-type=\"widget\" data-widget_type=\"bridge_team.default\">\n\t\t\t\t<div class=\"elementor-widget-container\">\n\t\t\t\t\t<div class='q_team' style='background-color:#02010100;'><div class='q_team_inner'><div class='q_team_image'><img itemprop='image' src='https:\/\/assessoriaparlament.com\/wp-content\/uploads\/2023\/04\/equipo_0003_Capa-1.png' alt='equipo_0003_Capa-1' \/><\/div><div class='q_team_text' ><div class='q_team_text_inner'><div class='q_team_title_holder'><h5 class='q_team_name' style = ''>Sergio Fern\u00e1ndez Piz\u00e1<\/h5><span style = ''>Graduado ADE<\/span><\/div><\/div><div class='q_team_social_holder'><\/div><\/div><\/div><\/div>\t\t\t\t<\/div>\n\t\t\t\t<\/div>\n\t\t\t\t\t<\/div>\n\t\t<\/div>\n\t\t\t\t<div class=\"elementor-column elementor-col-25 elementor-top-column elementor-element elementor-element-512e4df\" data-id=\"512e4df\" data-element_type=\"column\" data-e-type=\"column\">\n\t\t\t<div class=\"elementor-widget-wrap elementor-element-populated\">\n\t\t\t\t\t\t<div class=\"elementor-element elementor-element-e04d48c elementor-widget elementor-widget-bridge_team\" data-id=\"e04d48c\" data-element_type=\"widget\" data-e-type=\"widget\" data-widget_type=\"bridge_team.default\">\n\t\t\t\t<div class=\"elementor-widget-container\">\n\t\t\t\t\t<div class='q_team' style='background-color:#02010100;'><div class='q_team_inner'><div class='q_team_image'><img itemprop='image' src='https:\/\/assessoriaparlament.com\/wp-content\/uploads\/2024\/08\/Caroline.png' alt='Caroline' \/><\/div><div class='q_team_text' ><div class='q_team_text_inner'><div class='q_team_title_holder'><h5 class='q_team_name' style = ''>Caroline J. Deulloa<\/h5><span style = ''>Administrativa<\/span><\/div><\/div><div class='q_team_social_holder'><\/div><\/div><\/div><\/div>\t\t\t\t<\/div>\n\t\t\t\t<\/div>\n\t\t\t\t\t<\/div>\n\t\t<\/div>\n\t\t\t\t<div class=\"elementor-column elementor-col-25 elementor-top-column elementor-element elementor-element-22df1ef\" data-id=\"22df1ef\" data-element_type=\"column\" data-e-type=\"column\">\n\t\t\t<div class=\"elementor-widget-wrap elementor-element-populated\">\n\t\t\t\t\t\t<div class=\"elementor-element elementor-element-240e613 elementor-widget elementor-widget-bridge_team\" data-id=\"240e613\" data-element_type=\"widget\" data-e-type=\"widget\" data-widget_type=\"bridge_team.default\">\n\t\t\t\t<div class=\"elementor-widget-container\">\n\t\t\t\t\t<div class='q_team' style='background-color:#02010100;'><div class='q_team_inner'><div class='q_team_image'><img itemprop='image' src='https:\/\/assessoriaparlament.com\/wp-content\/uploads\/2023\/05\/equipo_0000_Capa-4B.png' alt='equipo_0000_Capa-4B' \/><\/div><div class='q_team_text' ><div class='q_team_text_inner'><div class='q_team_title_holder'><h5 class='q_team_name' style = ''>Clara Berenguer Almudaina<\/h5><span style = ''>Abogada<\/span><\/div><\/div><div class='q_team_social_holder'><\/div><\/div><\/div><\/div>\t\t\t\t<\/div>\n\t\t\t\t<\/div>\n\t\t\t\t\t<\/div>\n\t\t<\/div>\n\t\t\t\t\t<\/div>\n\t\t<\/section>\n\t\t\t\t<\/div>\n\t\t","protected":false},"excerpt":{"rendered":"<p>\u00bfQui\u00e9nes somos? Equipo Parlament. M\u00e1s de 30 a\u00f1os prestando servicio a aut\u00f3nomos, peque\u00f1as empresas y particulares. ll\u00e1manos Francisca Yuste Gonz\u00e1lez Graduado Social API Sergio Fern\u00e1ndez&#8230;<\/p>\n","protected":false},"author":2,"featured_media":0,"parent":0,"menu_order":0,"comment_status":"closed","ping_status":"closed","template":"","meta":{"footnotes":""},"class_list":["post-1265","page","type-page","status-publish","hentry"],"yoast_head":"<!-- This site is optimized with the Yoast SEO plugin v27.3 - https:\/\/yoast.com\/product\/yoast-seo-wordpress\/ -->\n<title>Equipo - Assessoria Parlament<\/title>\n<meta name=\"description\" content=\"Nuestros expertos en asesoramiento fiscal, legal y empresarial est\u00e1n comprometidos con su \u00e9xito. Descubre c\u00f3mo podemos ayudarte.\" \/>\n<meta name=\"robots\" content=\"index, follow, max-snippet:-1, max-image-preview:large, max-video-preview:-1\" \/>\n<link rel=\"canonical\" href=\"https:\/\/assessoriaparlament.com\/equipo\/\" \/>\n<meta property=\"og:locale\" content=\"es_ES\" \/>\n<meta property=\"og:type\" content=\"article\" \/>\n<meta property=\"og:title\" content=\"Equipo - Assessoria Parlament\" \/>\n<meta property=\"og:description\" content=\"Nuestros expertos en asesoramiento fiscal, legal y empresarial est\u00e1n comprometidos con su \u00e9xito. Descubre c\u00f3mo podemos ayudarte.\" \/>\n<meta property=\"og:url\" content=\"https:\/\/assessoriaparlament.com\/equipo\/\" \/>\n<meta property=\"og:site_name\" content=\"Assessoria Parlament\" \/>\n<meta property=\"article:modified_time\" content=\"2024-08-26T15:25:21+00:00\" \/>\n<meta property=\"og:image\" content=\"https:\/\/assessoriaparlament.com\/wp-content\/uploads\/2023\/04\/equipo_0001_Capa-3.png\" \/>\n<meta name=\"twitter:card\" content=\"summary_large_image\" \/>\n<meta name=\"twitter:label1\" content=\"Tiempo de lectura\" \/>\n\t<meta name=\"twitter:data1\" content=\"1 minuto\" \/>\n<script type=\"application\/ld+json\" class=\"yoast-schema-graph\">{\"@context\":\"https:\\\/\\\/schema.org\",\"@graph\":[{\"@type\":\"WebPage\",\"@id\":\"https:\\\/\\\/assessoriaparlament.com\\\/equipo\\\/\",\"url\":\"https:\\\/\\\/assessoriaparlament.com\\\/equipo\\\/\",\"name\":\"Equipo - Assessoria Parlament\",\"isPartOf\":{\"@id\":\"https:\\\/\\\/assessoriaparlament.com\\\/#website\"},\"primaryImageOfPage\":{\"@id\":\"https:\\\/\\\/assessoriaparlament.com\\\/equipo\\\/#primaryimage\"},\"image\":{\"@id\":\"https:\\\/\\\/assessoriaparlament.com\\\/equipo\\\/#primaryimage\"},\"thumbnailUrl\":\"https:\\\/\\\/assessoriaparlament.com\\\/wp-content\\\/uploads\\\/2023\\\/04\\\/equipo_0001_Capa-3.png\",\"datePublished\":\"2021-02-18T08:57:16+00:00\",\"dateModified\":\"2024-08-26T15:25:21+00:00\",\"description\":\"Nuestros expertos en asesoramiento fiscal, legal y empresarial est\u00e1n comprometidos con su \u00e9xito. Descubre c\u00f3mo podemos ayudarte.\",\"breadcrumb\":{\"@id\":\"https:\\\/\\\/assessoriaparlament.com\\\/equipo\\\/#breadcrumb\"},\"inLanguage\":\"es\",\"potentialAction\":[{\"@type\":\"ReadAction\",\"target\":[\"https:\\\/\\\/assessoriaparlament.com\\\/equipo\\\/\"]}]},{\"@type\":\"ImageObject\",\"inLanguage\":\"es\",\"@id\":\"https:\\\/\\\/assessoriaparlament.com\\\/equipo\\\/#primaryimage\",\"url\":\"https:\\\/\\\/assessoriaparlament.com\\\/wp-content\\\/uploads\\\/2023\\\/04\\\/equipo_0001_Capa-3.png\",\"contentUrl\":\"https:\\\/\\\/assessoriaparlament.com\\\/wp-content\\\/uploads\\\/2023\\\/04\\\/equipo_0001_Capa-3.png\"},{\"@type\":\"BreadcrumbList\",\"@id\":\"https:\\\/\\\/assessoriaparlament.com\\\/equipo\\\/#breadcrumb\",\"itemListElement\":[{\"@type\":\"ListItem\",\"position\":1,\"name\":\"Inici\",\"item\":\"https:\\\/\\\/assessoriaparlament.com\\\/es\\\/\"},{\"@type\":\"ListItem\",\"position\":2,\"name\":\"Equipo\"}]},{\"@type\":\"WebSite\",\"@id\":\"https:\\\/\\\/assessoriaparlament.com\\\/#website\",\"url\":\"https:\\\/\\\/assessoriaparlament.com\\\/\",\"name\":\"Assessoria Parlament\",\"description\":\"Assessoria Parlament\",\"publisher\":{\"@id\":\"https:\\\/\\\/assessoriaparlament.com\\\/#organization\"},\"potentialAction\":[{\"@type\":\"SearchAction\",\"target\":{\"@type\":\"EntryPoint\",\"urlTemplate\":\"https:\\\/\\\/assessoriaparlament.com\\\/?s={search_term_string}\"},\"query-input\":{\"@type\":\"PropertyValueSpecification\",\"valueRequired\":true,\"valueName\":\"search_term_string\"}}],\"inLanguage\":\"es\"},{\"@type\":\"Organization\",\"@id\":\"https:\\\/\\\/assessoriaparlament.com\\\/#organization\",\"name\":\"Assessoria Parlament\",\"url\":\"https:\\\/\\\/assessoriaparlament.com\\\/\",\"logo\":{\"@type\":\"ImageObject\",\"inLanguage\":\"es\",\"@id\":\"https:\\\/\\\/assessoriaparlament.com\\\/#\\\/schema\\\/logo\\\/image\\\/\",\"url\":\"https:\\\/\\\/assessoriaparlament.com\\\/wp-content\\\/uploads\\\/2023\\\/03\\\/logo-assessoria-parlament.svg\",\"contentUrl\":\"https:\\\/\\\/assessoriaparlament.com\\\/wp-content\\\/uploads\\\/2023\\\/03\\\/logo-assessoria-parlament.svg\",\"width\":259,\"height\":211,\"caption\":\"Assessoria Parlament\"},\"image\":{\"@id\":\"https:\\\/\\\/assessoriaparlament.com\\\/#\\\/schema\\\/logo\\\/image\\\/\"}}]}<\/script>\n<!-- \/ Yoast SEO plugin. -->","yoast_head_json":{"title":"Equipo - Assessoria Parlament","description":"Nuestros expertos en asesoramiento fiscal, legal y empresarial est\u00e1n comprometidos con su \u00e9xito. Descubre c\u00f3mo podemos ayudarte.","robots":{"index":"index","follow":"follow","max-snippet":"max-snippet:-1","max-image-preview":"max-image-preview:large","max-video-preview":"max-video-preview:-1"},"canonical":"https:\/\/assessoriaparlament.com\/equipo\/","og_locale":"es_ES","og_type":"article","og_title":"Equipo - Assessoria Parlament","og_description":"Nuestros expertos en asesoramiento fiscal, legal y empresarial est\u00e1n comprometidos con su \u00e9xito. Descubre c\u00f3mo podemos ayudarte.","og_url":"https:\/\/assessoriaparlament.com\/equipo\/","og_site_name":"Assessoria Parlament","article_modified_time":"2024-08-26T15:25:21+00:00","og_image":[{"url":"https:\/\/assessoriaparlament.com\/wp-content\/uploads\/2023\/04\/equipo_0001_Capa-3.png","type":"","width":"","height":""}],"twitter_card":"summary_large_image","twitter_misc":{"Tiempo de lectura":"1 minuto"},"schema":{"@context":"https:\/\/schema.org","@graph":[{"@type":"WebPage","@id":"https:\/\/assessoriaparlament.com\/equipo\/","url":"https:\/\/assessoriaparlament.com\/equipo\/","name":"Equipo - Assessoria Parlament","isPartOf":{"@id":"https:\/\/assessoriaparlament.com\/#website"},"primaryImageOfPage":{"@id":"https:\/\/assessoriaparlament.com\/equipo\/#primaryimage"},"image":{"@id":"https:\/\/assessoriaparlament.com\/equipo\/#primaryimage"},"thumbnailUrl":"https:\/\/assessoriaparlament.com\/wp-content\/uploads\/2023\/04\/equipo_0001_Capa-3.png","datePublished":"2021-02-18T08:57:16+00:00","dateModified":"2024-08-26T15:25:21+00:00","description":"Nuestros expertos en asesoramiento fiscal, legal y empresarial est\u00e1n comprometidos con su \u00e9xito. Descubre c\u00f3mo podemos ayudarte.","breadcrumb":{"@id":"https:\/\/assessoriaparlament.com\/equipo\/#breadcrumb"},"inLanguage":"es","potentialAction":[{"@type":"ReadAction","target":["https:\/\/assessoriaparlament.com\/equipo\/"]}]},{"@type":"ImageObject","inLanguage":"es","@id":"https:\/\/assessoriaparlament.com\/equipo\/#primaryimage","url":"https:\/\/assessoriaparlament.com\/wp-content\/uploads\/2023\/04\/equipo_0001_Capa-3.png","contentUrl":"https:\/\/assessoriaparlament.com\/wp-content\/uploads\/2023\/04\/equipo_0001_Capa-3.png"},{"@type":"BreadcrumbList","@id":"https:\/\/assessoriaparlament.com\/equipo\/#breadcrumb","itemListElement":[{"@type":"ListItem","position":1,"name":"Inici","item":"https:\/\/assessoriaparlament.com\/es\/"},{"@type":"ListItem","position":2,"name":"Equipo"}]},{"@type":"WebSite","@id":"https:\/\/assessoriaparlament.com\/#website","url":"https:\/\/assessoriaparlament.com\/","name":"Assessoria Parlament","description":"Assessoria Parlament","publisher":{"@id":"https:\/\/assessoriaparlament.com\/#organization"},"potentialAction":[{"@type":"SearchAction","target":{"@type":"EntryPoint","urlTemplate":"https:\/\/assessoriaparlament.com\/?s={search_term_string}"},"query-input":{"@type":"PropertyValueSpecification","valueRequired":true,"valueName":"search_term_string"}}],"inLanguage":"es"},{"@type":"Organization","@id":"https:\/\/assessoriaparlament.com\/#organization","name":"Assessoria Parlament","url":"https:\/\/assessoriaparlament.com\/","logo":{"@type":"ImageObject","inLanguage":"es","@id":"https:\/\/assessoriaparlament.com\/#\/schema\/logo\/image\/","url":"https:\/\/assessoriaparlament.com\/wp-content\/uploads\/2023\/03\/logo-assessoria-parlament.svg","contentUrl":"https:\/\/assessoriaparlament.com\/wp-content\/uploads\/2023\/03\/logo-assessoria-parlament.svg","width":259,"height":211,"caption":"Assessoria Parlament"},"image":{"@id":"https:\/\/assessoriaparlament.com\/#\/schema\/logo\/image\/"}}]}},"_links":{"self":[{"href":"https:\/\/assessoriaparlament.com\/es\/wp-json\/wp\/v2\/pages\/1265","targetHints":{"allow":["GET"]}}],"collection":[{"href":"https:\/\/assessoriaparlament.com\/es\/wp-json\/wp\/v2\/pages"}],"about":[{"href":"https:\/\/assessoriaparlament.com\/es\/wp-json\/wp\/v2\/types\/page"}],"author":[{"embeddable":true,"href":"https:\/\/assessoriaparlament.com\/es\/wp-json\/wp\/v2\/users\/2"}],"replies":[{"embeddable":true,"href":"https:\/\/assessoriaparlament.com\/es\/wp-json\/wp\/v2\/comments?post=1265"}],"version-history":[{"count":24,"href":"https:\/\/assessoriaparlament.com\/es\/wp-json\/wp\/v2\/pages\/1265\/revisions"}],"predecessor-version":[{"id":24878,"href":"https:\/\/assessoriaparlament.com\/es\/wp-json\/wp\/v2\/pages\/1265\/revisions\/24878"}],"wp:attachment":[{"href":"https:\/\/assessoriaparlament.com\/es\/wp-json\/wp\/v2\/media?parent=1265"}],"curies":[{"name":"wp","href":"https:\/\/api.w.org\/{rel}","templated":true}]}}